{"id":2174,"date":"2023-02-07T11:44:46","date_gmt":"2023-02-07T11:44:46","guid":{"rendered":"https:\/\/brunotir.pt\/?page_id=2174"},"modified":"2023-02-07T14:39:01","modified_gmt":"2023-02-07T14:39:01","slug":"politica-de-privacidade","status":"publish","type":"page","link":"https:\/\/brunotir.pt\/es\/politica-de-privacidade\/","title":{"rendered":"Politica de privacidade"},"content":{"rendered":"\t\t<div data-elementor-type=\"wp-page\" data-elementor-id=\"2174\" class=\"elementor elementor-2174\" data-elementor-post-type=\"page\">\n\t\t\t\t\t\t<section class=\"elementor-section elementor-top-section elementor-element elementor-element-4ac28c33 elementor-section-boxed elementor-section-height-default elementor-section-height-default\" data-id=\"4ac28c33\" data-element_type=\"section\" data-e-type=\"section\" data-settings=\"{&quot;jet_parallax_layout_list&quot;:[]}\">\n\t\t\t\t\t\t<div class=\"elementor-container elementor-column-gap-default\">\n\t\t\t\t\t<div class=\"elementor-column elementor-col-100 elementor-top-column elementor-element elementor-element-619b6a34\" data-id=\"619b6a34\" data-element_type=\"column\" data-e-type=\"column\">\n\t\t\t<div class=\"elementor-widget-wrap elementor-element-populated\">\n\t\t\t\t\t\t<div class=\"elementor-element elementor-element-6a0b898 elementor-widget elementor-widget-heading\" data-id=\"6a0b898\" data-element_type=\"widget\" data-e-type=\"widget\" data-widget_type=\"heading.default\">\n\t\t\t\t<div class=\"elementor-widget-container\">\n\t\t\t\t\t<h1 class=\"elementor-heading-title elementor-size-default\">Pol\u00edtica de privacidad<\/h1>\t\t\t\t<\/div>\n\t\t\t\t<\/div>\n\t\t\t\t<div class=\"elementor-element elementor-element-739174d elementor-widget elementor-widget-heading\" data-id=\"739174d\" data-element_type=\"widget\" data-e-type=\"widget\" data-widget_type=\"heading.default\">\n\t\t\t\t<div class=\"elementor-widget-container\">\n\t\t\t\t\t<h2 class=\"elementor-heading-title elementor-size-default\">T\u00e9rminos y Condiciones<\/h2>\t\t\t\t<\/div>\n\t\t\t\t<\/div>\n\t\t\t\t<div class=\"elementor-element elementor-element-6604d352 elementor-widget__width-inherit elementor-widget elementor-widget-text-editor\" data-id=\"6604d352\" data-element_type=\"widget\" data-e-type=\"widget\" data-widget_type=\"text-editor.default\">\n\t\t\t\t<div class=\"elementor-widget-container\">\n\t\t\t\t\t\t\t\t\t<p>Grupo Brunotir Transportes, Lda, en lo sucesivo, Brunotir, es consciente de las implicaciones y de su responsabilidad de cumplir con los cambios introducidos en materia de protecci\u00f3n de datos personales, concretamente con la producci\u00f3n de efectos el 25 de mayo de 2018 de la Protecci\u00f3n General Reglamento de Datos, aprobado por el Reglamento (UE) 2016\/679, de 26 de abril de 2016.<br \/>Brunotir se compromete, por tanto, a garantizar la protecci\u00f3n de todos los datos de car\u00e1cter personal puestos a su disposici\u00f3n, habiendo adoptado en este sentido diversas medidas de seguridad, de \u00edndole t\u00e9cnica y organizativa, con el fin de proteger los datos personales de cualquier forma de tratamiento il\u00edcito.<br \/>El Grupo Brunotir tambi\u00e9n se compromete a mejorar continuamente el conjunto de procedimientos y t\u00e9cnicas implementados para la protecci\u00f3n de datos personales, confiando tambi\u00e9n para este fin en todas las sugerencias que los usuarios de este sitio nos env\u00edan.<br \/>Estos T\u00e9rminos y Condiciones de Privacidad se aplican exclusivamente al procesamiento de datos personales por parte de Brunotir recopilados a trav\u00e9s de su sitio web o acciones comerciales y promocionales.<\/p><p><b>1. Finalidad del tratamiento<\/b><br \/>Los datos personales se recogen exclusivamente para las siguientes finalidades:<br \/>Respuesta a solicitud de contacto;<br \/>Administraci\u00f3n comercial;<br \/>Mejora o personalizaci\u00f3n de nuestros servicios;<br \/>Env\u00edo de newsletters y otras acciones promocionales. Los clientes pueden cancelar su suscripci\u00f3n al servicio de bolet\u00edn por correo electr\u00f3nico haciendo clic en el enlace del bolet\u00edn que le enviamos por correo electr\u00f3nico.<\/p><p><b>2. Datos personales recopilados<\/b><br \/>Los datos recopilados se limitan al nombre y la direcci\u00f3n de correo electr\u00f3nico, siendo utilizados para los fines establecidos en esta pol\u00edtica, y se pueden obtener a trav\u00e9s de:<br \/>Formulario de contacto del sitio web;<br \/>Recogida presencial.<\/p><p><b>3. Consentimiento<\/b><br \/>Antes del env\u00edo del primer mensaje promocional o newsletter, se solicitar\u00e1 el consentimiento expreso del interesado para el env\u00edo de este tipo de mensajes.<br \/>Este consentimiento se solicitar\u00e1 a trav\u00e9s de correo electr\u00f3nico y el interesado s\u00f3lo recibir\u00e1 mensajes si responde afirmativamente. Si la respuesta es negativa, sus datos ser\u00e1n eliminados.<\/p><p><b>4. Per\u00edodo de retenci\u00f3n<\/b><br \/>Los datos personales recabados se conservar\u00e1n mientras exista consentimiento del titular para las finalidades establecidas en 1.<\/p><p><b>5. Intercambio de datos personales<\/b><br \/>Los datos personales recopilados pueden ser compartidos para alojamiento y respaldo en servidores ubicados en Portugal y solo por el grupo de empresas del Grupo Brunotir.<\/p><p><b>6. Derechos de los titulares<\/b><br \/>Para acceder, corregir, agregar, actualizar, eliminar o cambiar el consentimiento de las comunicaciones, el titular debe comunicarse con Brunotir a trav\u00e9s del correo electr\u00f3nico geral@brunotir.pt. Dichas solicitudes ser\u00e1n atendidas lo m\u00e1s r\u00e1pido posible.<br \/>Tambi\u00e9n puede utilizar esta forma de contacto para cualquier aclaraci\u00f3n o sugerencia sobre estos t\u00e9rminos y condiciones.<\/p><p><b>7. Enlaces a sitios asociados<\/b><br \/>El sitio web de Brunotir puede contener enlaces a sitios web de terceros\/socios. Los sitios referidos no est\u00e1n bajo el control de Brunotir, no siendo responsable por el contenido de ninguno de estos sitios. Se recomienda a los usuarios del sitio web de Brunotir, cuando accedan a otros sitios web, consulten las p\u00e1ginas que, dentro de estos sitios web, hacen referencia a sus pol\u00edticas de privacidad.<\/p><p><b>8. Galletas<\/b><br \/>Al navegar por el sitio web de Brunotir se utilizan cookies que, sin embargo, no recopilan informaci\u00f3n que identifique al usuario. Se recopila informaci\u00f3n gen\u00e9rica, es decir, c\u00f3mo los usuarios llegan y utilizan los sitios. La informaci\u00f3n recogida se utiliza con la finalidad de controlar el n\u00famero de visitas y estudios estad\u00edsticos, as\u00ed como para asegurar que el sitio web funciona correctamente y facilitar la navegaci\u00f3n y mejorar la experiencia del usuario.<br \/>El uso de cookies permite optimizar constantemente la navegaci\u00f3n por el sitio web con el fin de proporcionar una experiencia de alta calidad que supera la calidad obtenida en la visita anterior por parte del usuario.<\/p><p>9. Modificaci\u00f3n de los T\u00e9rminos y Condiciones de Privacidad<br \/>Estos T\u00e9rminos y Condiciones de Privacidad pueden estar sujetos a cambios o revisiones, sin previo aviso, debido a requisitos legislativos o reglamentarios de conformidad con la ley vigente. Todos los cambios significativos en estos t\u00e9rminos ser\u00e1n debidamente comunicados a los usuarios en el sitio web del Grupo.<br \/>Dado que estos T\u00e9rminos y Condiciones pueden ser revisados en cualquier momento, de acuerdo con los criterios descritos anteriormente, Brunotir recomienda a sus usuarios revisarlos peri\u00f3dicamente.<\/p><p>T\u00e9rminos y Condiciones de Privacidad &#8211; Versi\u00f3n 1.0 \u2013 07-06-2018<\/p>\t\t\t\t\t\t\t\t<\/div>\n\t\t\t\t<\/div>\n\t\t\t\t<div class=\"elementor-element elementor-element-edc9678 elementor-widget elementor-widget-heading\" data-id=\"edc9678\" data-element_type=\"widget\" data-e-type=\"widget\" data-widget_type=\"heading.default\">\n\t\t\t\t<div class=\"elementor-widget-container\">\n\t\t\t\t\t<h2 class=\"elementor-heading-title elementor-size-default\">Pol\u00edtica de cookies<\/h2>\t\t\t\t<\/div>\n\t\t\t\t<\/div>\n\t\t\t\t<div class=\"elementor-element elementor-element-35d2b74 elementor-widget__width-inherit elementor-widget elementor-widget-text-editor\" data-id=\"35d2b74\" data-element_type=\"widget\" data-e-type=\"widget\" data-widget_type=\"text-editor.default\">\n\t\t\t\t<div class=\"elementor-widget-container\">\n\t\t\t\t\t\t\t\t\t<p><b>1. Introducci\u00f3n<\/b><br \/>Este sitio web utiliza Cookies \u00fanicamente con el prop\u00f3sito de mejorar y optimizar la experiencia de sus usuarios.<\/p><p><b>2. \u00bfQu\u00e9 son las Cookies?<\/b><br \/>Son archivos muy peque\u00f1os que contienen informaci\u00f3n relevante para la navegaci\u00f3n en este sitio web. Estos archivos son cargados por el dispositivo utilizado para acceder a este sitio web (tel\u00e9fono inteligente, computadora, tableta, etc.) a trav\u00e9s del navegador de Internet (navegador web) durante la visita del usuario al sitio web.<\/p><p>Las cookies permiten:<br \/>Velar por el correcto funcionamiento de las p\u00e1ginas web.<br \/>Guarde las preferencias del usuario (por ejemplo, idioma elegido, tama\u00f1o de fuente, etc.).<br \/>Obtener informaci\u00f3n sobre la experiencia de navegaci\u00f3n proporcionada al usuario.<br \/>Obtener informaci\u00f3n estad\u00edstica an\u00f3nima sobre las p\u00e1ginas visitadas por los usuarios, o el tiempo de permanencia en el sitio web.<\/p><p><b>3. Prop\u00f3sito del uso de Cookies<\/b><br \/>Las finalidades del uso de Cookies en este sitio web son:<br \/>Asegurarse de que funciona correctamente<br \/>Facilitar la navegaci\u00f3n y mejorar la experiencia del usuario.<br \/>El uso de cookies permite optimizar constantemente la navegaci\u00f3n por el sitio web con el fin de proporcionar una experiencia de alta calidad que supera la calidad obtenida en la visita anterior por parte del usuario.<\/p><p><b>4. Tipolog\u00eda y funcionalidad<\/b><br \/>Seg\u00fan su permanencia, las cookies se pueden dividir en dos tipos:<br \/>Cookies de sesi\u00f3n:<br \/>Caducan en el momento en que se cierra la ventana del navegador web. Se utilizan para vincular las acciones del usuario durante la sesi\u00f3n.<br \/>Cookies persistentes:<br \/>Caducan cuando su tarea o funci\u00f3n est\u00e1 completamente realizada, su vigencia caduca o son eliminadas manualmente por el usuario. Se reactivar\u00e1n en cada visita a la web.<br \/>De acuerdo con su prop\u00f3sito, se pueden clasificar de la siguiente manera:<\/p><p>Estrictamente necesario o esencial:<br \/>Son cookies esenciales para el funcionamiento del sitio web. Son los responsables de garantizar el correcto funcionamiento y visualizaci\u00f3n del sitio web. Se activan en respuesta a las acciones del usuario, como iniciar sesi\u00f3n o completar formularios.<\/p><p>Actuaci\u00f3n:<br \/>Dedicada a recopilar datos estad\u00edsticos sobre el rendimiento del sitio web. No se recogen datos de los usuarios, s\u00f3lo par\u00e1metros de posibles errores o funcionamiento de nuevas funcionalidades que puedan estar o hayan sido implementadas en el sitio web.<\/p><p>Funcionalidad:<br \/>Se utilizan principalmente para dar soporte a las funcionalidades del sitio web, pudiendo memorizar algunos datos del usuario, como el idioma elegido, la personalizaci\u00f3n del \u00e1rea de cliente, etc.<\/p><p>Publicidad o target espec\u00edfico:<br \/>Se utilizan para registrar las p\u00e1ginas que el usuario ha visitado y los enlaces que ha seguido, con el fin de proporcionar al usuario los contenidos publicitarios m\u00e1s relevantes o interesantes para \u00e9l. Esta informaci\u00f3n puede compartirse con terceros y usarse para evaluar la tasa de \u00e9xito de las campa\u00f1as publicitarias.<\/p><p>Nota: Cualquier sitio web de terceros puede contener este tipo de cookies sobre las que no tenemos control.<\/p><p><strong>\u00a0<\/strong><\/p><p><b>5. Bloquear el uso de Cookies<\/b><br \/>Si el usuario lo desea, puede deshabilitar la funcionalidad de cookies del navegador o limitar el uso de cookies para un servicio en particular.<br \/>Por lo general, todos los cambios a nivel del navegador web con respecto a la forma en que se usan y\/o aceptan las cookies se pueden realizar en la secci\u00f3n \u00abOpciones\u00bb o \u00abPreferencias del navegador\u00bb.<br \/>Estas son las instrucciones para bloquear el uso de cookies para los navegadores de Internet m\u00e1s comunes:<br \/>Google Chrome: &#8211; http:\/\/support.google.com\/chrome\/bin\/answer.py?hl=pt&amp;answer=95647<br \/>Internet Explorer: &#8211; http:\/\/windows.microsoft.com\/pt-pt\/windows7\/how-to-manage-cookies-in-internet-explorer-9<br \/>Mozilla Firefox: &#8211; https:\/\/support.mozilla.org\/pt-PT\/kb\/activar-e-desativar-cookies-which-os-websites-utiliza<br \/>Safari de Apple: &#8211; https:\/\/support.apple.com\/pt-pt\/HT201265<\/p><p>Los usuarios pueden optar por no compartir sus datos con los servicios de Google. Para hacerlo, acceda al Administrador de preferencias de anuncios y al Complemento de inhabilitaci\u00f3n para navegadores de Analytics.<br \/>Adem\u00e1s de los medios descritos anteriormente para los diferentes navegadores de Internet, el usuario tambi\u00e9n puede utilizar herramientas espec\u00edficas para el manejo de cookies.<\/p><p><b>6. Consecuencias del bloqueo de cookies en este sitio web<\/b><br \/>Cuando se bloquean parcial o totalmente las cookies utilizadas en este sitio web, algunas funcionalidades y\/o servicios pueden dejar de funcionar correctamente o comportarse de forma diferente a la esperada (por ejemplo, las preferencias de usuario o el \u00e1rea de cliente no se guardan o cargan correctamente).<br \/>Si el usuario bloquea el uso de Cookies en este sitio web, es muy probable que ya no pueda acceder a ciertas \u00e1reas del sitio web o que su experiencia de navegaci\u00f3n en el sitio web se vea afectada considerablemente.<\/p><p><b>7. Garant\u00edas adicionales y revocaci\u00f3n de la aceptaci\u00f3n<\/b><br \/>Brunotir Transportes, Lda no es responsable del contenido y veracidad de las pol\u00edticas de privacidad de los componentes de terceros que se incluyen en este sitio web.<br \/>El uso y registro de cookies en este sitio web puede estar sujeto a la aceptaci\u00f3n de Cookies por parte del usuario al visitar este sitio web, instalar o actualizar el navegador utilizado. Esta aceptaci\u00f3n puede ser revocada en cualquier momento a trav\u00e9s de las opciones de configuraci\u00f3n de contenidos y privacidad mencionadas en el punto 4 de esta pol\u00edtica.<\/p><p><b>8. Cambio de pol\u00edtica de cookies<\/b><br \/>Brunotir Transportes, Lda se reserva el derecho a modificar la presente Pol\u00edtica de Cookies en funci\u00f3n de exigencias legislativas o reglamentarias de acuerdo con la legislaci\u00f3n vigente.<br \/>Todos los cambios significativos a esta pol\u00edtica ser\u00e1n debidamente comunicados a los usuarios del sitio web.<br \/>Dado que esta Pol\u00edtica de Cookies puede ser revisada en cualquier momento, seg\u00fan los criterios descritos anteriormente, Brunotir Transportes, Lda recomienda a sus usuarios revisar peri\u00f3dicamente las Pol\u00edticas de Cookies con el objetivo de estar informado acerca de la Pol\u00edtica de Cookies vigente.<br \/>La Pol\u00edtica de Cookies modificada entrar\u00e1 en vigor a partir de la fecha de revisi\u00f3n, esta fecha ser\u00e1 visible en la parte superior de la p\u00e1gina.<\/p><p>Pol\u00edtica de Cookies &#8211; Versi\u00f3n 1.0 \u2013 06-07-2018<\/p><p><strong>\u00a0<\/strong><\/p>\t\t\t\t\t\t\t\t<\/div>\n\t\t\t\t<\/div>\n\t\t\t\t\t<\/div>\n\t\t<\/div>\n\t\t\t\t\t<\/div>\n\t\t<\/section>\n\t\t\t\t<\/div>\n\t\t","protected":false},"excerpt":{"rendered":"<p>Pol\u00edtica de privacidad T\u00e9rminos y Condiciones Grupo Brunotir Transportes, Lda, en lo sucesivo, Brunotir, es consciente de las implicaciones y de su responsabilidad de cumplir con los cambios introducidos en materia de protecci\u00f3n de datos personales, concretamente con la producci\u00f3n de efectos el 25 de mayo de 2018 de la Protecci\u00f3n General Reglamento de Datos, [&hellip;]<\/p>\n","protected":false},"author":1,"featured_media":0,"parent":0,"menu_order":6,"comment_status":"closed","ping_status":"closed","template":"elementor_header_footer","meta":{"footnotes":""},"class_list":["post-2174","page","type-page","status-publish","hentry"],"_links":{"self":[{"href":"https:\/\/brunotir.pt\/es\/wp-json\/wp\/v2\/pages\/2174","targetHints":{"allow":["GET"]}}],"collection":[{"href":"https:\/\/brunotir.pt\/es\/wp-json\/wp\/v2\/pages"}],"about":[{"href":"https:\/\/brunotir.pt\/es\/wp-json\/wp\/v2\/types\/page"}],"author":[{"embeddable":true,"href":"https:\/\/brunotir.pt\/es\/wp-json\/wp\/v2\/users\/1"}],"replies":[{"embeddable":true,"href":"https:\/\/brunotir.pt\/es\/wp-json\/wp\/v2\/comments?post=2174"}],"version-history":[{"count":0,"href":"https:\/\/brunotir.pt\/es\/wp-json\/wp\/v2\/pages\/2174\/revisions"}],"wp:attachment":[{"href":"https:\/\/brunotir.pt\/es\/wp-json\/wp\/v2\/media?parent=2174"}],"curies":[{"name":"wp","href":"https:\/\/api.w.org\/{rel}","templated":true}]}}