{"id":2170,"date":"2022-09-09T21:17:48","date_gmt":"2022-09-09T21:17:48","guid":{"rendered":"https:\/\/brunotir.pt\/sistema-de-gestion-de-calidad\/"},"modified":"2025-10-24T11:37:38","modified_gmt":"2025-10-24T11:37:38","slug":"sistema-de-gestion-de-calidad","status":"publish","type":"page","link":"https:\/\/brunotir.pt\/es\/sistema-de-gestion-de-calidad\/","title":{"rendered":"SISTEMA DE GESTI\u00d3N DE CALIDAD"},"content":{"rendered":"\t\t<div data-elementor-type=\"wp-page\" data-elementor-id=\"2170\" class=\"elementor elementor-2170 elementor-1006\" data-elementor-post-type=\"page\">\n\t\t\t\t\t\t<section class=\"elementor-section elementor-top-section elementor-element elementor-element-3597705 elementor-section-height-min-height elementor-section-boxed elementor-section-height-default elementor-section-items-middle\" data-id=\"3597705\" data-element_type=\"section\" data-e-type=\"section\" data-settings=\"{&quot;jet_parallax_layout_list&quot;:[]}\">\n\t\t\t\t\t\t<div class=\"elementor-container elementor-column-gap-default\">\n\t\t\t\t\t<div class=\"elementor-column elementor-col-100 elementor-top-column elementor-element elementor-element-3d2fe99\" data-id=\"3d2fe99\" data-element_type=\"column\" data-e-type=\"column\">\n\t\t\t<div class=\"elementor-widget-wrap elementor-element-populated\">\n\t\t\t\t\t\t<div class=\"elementor-element elementor-element-1b90470 elementor-widget elementor-widget-heading\" data-id=\"1b90470\" data-element_type=\"widget\" data-e-type=\"widget\" data-widget_type=\"heading.default\">\n\t\t\t\t<div class=\"elementor-widget-container\">\n\t\t\t\t\t<h1 class=\"elementor-heading-title elementor-size-default\">SISTEMA DE GESTI\u00d3N DE CALIDAD<\/h1>\t\t\t\t<\/div>\n\t\t\t\t<\/div>\n\t\t\t\t<div class=\"elementor-element elementor-element-72e974f elementor-widget__width-initial elementor-widget elementor-widget-text-editor\" data-id=\"72e974f\" data-element_type=\"widget\" data-e-type=\"widget\" data-widget_type=\"text-editor.default\">\n\t\t\t\t<div class=\"elementor-widget-container\">\n\t\t\t\t\t\t\t\t\t<p>Brunotir ha creado, documentado, implementado y mantiene un SGC, seg\u00fan los est\u00e1ndares de la certificaci\u00f3n ISO 9001:2015. Este sistema asegura la mejor\u00eda constante del desempe\u00f1o operacional de la organizaci\u00f3n, para cumplir las necesidades actuales y futuras de los clientes, cumplir sus requisitos y sobrepasar sus expectativas. El SGC fue creado con base en la identificaci\u00f3n de los procesos-clave y de aquellos que los suportan, bas\u00e1ndose en el cumplimiento de los est\u00e1ndares de la certificaci\u00f3n.<\/p><p>El marco de aplicaci\u00f3n del SGC incluye todas las actividades relacionadas al: transporte de mercanc\u00edas por carretera, nacional o internacional, de carga general.<\/p><p>As\u00ed, la Gesti\u00f3n de Brunotir ha definido como Pol\u00edtica de Calidad mantener, desde luego, el compromiso de ofrecer a sus clientes un elevado nivel de calidad de sus servicios, dando respuesta a sus requisitos y expectativas, puesto que la satisfacci\u00f3n de los clientes es fundamental para la competitividad y rentabilidad de la empresa.<\/p><p>Brunotir tiene una estrategia de desarrollo sostenido, siendo una empresa de referencia en el sector de los transportes gracias a la calidad de sus servicios y a su credibilidad. Para ello, la Gesti\u00f3n ha establecido un sistema de gesti\u00f3n de calidad, seg\u00fan la certificaci\u00f3n NP EN ISO 9001:2015 y act\u00faa permanentemente para su manutenci\u00f3n, de forma a cumplir con los requisitos aplicables y a mejorar continuamente su eficacia.<\/p>\t\t\t\t\t\t\t\t<\/div>\n\t\t\t\t<\/div>\n\t\t\t\t<div class=\"elementor-element elementor-element-1eed557 elementor-align-left elementor-widget elementor-widget-button\" data-id=\"1eed557\" data-element_type=\"widget\" data-e-type=\"widget\" data-settings=\"{&quot;_animation&quot;:&quot;none&quot;}\" data-widget_type=\"button.default\">\n\t\t\t\t<div class=\"elementor-widget-container\">\n\t\t\t\t\t\t\t\t\t<div class=\"elementor-button-wrapper\">\n\t\t\t\t\t<a class=\"elementor-button elementor-button-link elementor-size-md\" href=\"https:\/\/brunotir.pt\/wp-content\/uploads\/2022\/11\/Politica-Qualidade-BNT-e-TJM.pdf\">\n\t\t\t\t\t\t<span class=\"elementor-button-content-wrapper\">\n\t\t\t\t\t\t<span class=\"elementor-button-icon\">\n\t\t\t\t<i aria-hidden=\"true\" class=\"far fa-file-pdf\"><\/i>\t\t\t<\/span>\n\t\t\t\t\t\t\t\t\t<span class=\"elementor-button-text\">POL\u00cdTICA DE CALIDAD<\/span>\n\t\t\t\t\t<\/span>\n\t\t\t\t\t<\/a>\n\t\t\t\t<\/div>\n\t\t\t\t\t\t\t\t<\/div>\n\t\t\t\t<\/div>\n\t\t\t\t<div class=\"elementor-element elementor-element-2a88013 elementor-align-left elementor-widget elementor-widget-button\" data-id=\"2a88013\" data-element_type=\"widget\" data-e-type=\"widget\" data-settings=\"{&quot;_animation&quot;:&quot;none&quot;}\" data-widget_type=\"button.default\">\n\t\t\t\t<div class=\"elementor-widget-container\">\n\t\t\t\t\t\t\t\t\t<div class=\"elementor-button-wrapper\">\n\t\t\t\t\t<a class=\"elementor-button elementor-button-link elementor-size-md\" href=\"https:\/\/brunotir.pt\/wp-content\/uploads\/2022\/11\/Certificado-ISO9001_Brunotir_EN.pdf\">\n\t\t\t\t\t\t<span class=\"elementor-button-content-wrapper\">\n\t\t\t\t\t\t<span class=\"elementor-button-icon\">\n\t\t\t\t<i aria-hidden=\"true\" class=\"far fa-file-pdf\"><\/i>\t\t\t<\/span>\n\t\t\t\t\t\t\t\t\t<span class=\"elementor-button-text\">CERTIFICACI\u00d3N ISO 9001:2015<\/span>\n\t\t\t\t\t<\/span>\n\t\t\t\t\t<\/a>\n\t\t\t\t<\/div>\n\t\t\t\t\t\t\t\t<\/div>\n\t\t\t\t<\/div>\n\t\t\t\t<div class=\"elementor-element elementor-element-239d232 elementor-align-left elementor-widget elementor-widget-button\" data-id=\"239d232\" data-element_type=\"widget\" data-e-type=\"widget\" data-settings=\"{&quot;_animation&quot;:&quot;none&quot;}\" data-widget_type=\"button.default\">\n\t\t\t\t<div class=\"elementor-widget-container\">\n\t\t\t\t\t\t\t\t\t<div class=\"elementor-button-wrapper\">\n\t\t\t\t\t<a class=\"elementor-button elementor-button-link elementor-size-md\" href=\"https:\/\/brunotir.pt\/wp-content\/uploads\/2022\/11\/Criterios-de-Avaliacao-de-Fornecedores.pdf\">\n\t\t\t\t\t\t<span class=\"elementor-button-content-wrapper\">\n\t\t\t\t\t\t<span class=\"elementor-button-icon\">\n\t\t\t\t<i aria-hidden=\"true\" class=\"far fa-file-pdf\"><\/i>\t\t\t<\/span>\n\t\t\t\t\t\t\t\t\t<span class=\"elementor-button-text\">Criterios de evaluaci\u00f3n de proveedores<\/span>\n\t\t\t\t\t<\/span>\n\t\t\t\t\t<\/a>\n\t\t\t\t<\/div>\n\t\t\t\t\t\t\t\t<\/div>\n\t\t\t\t<\/div>\n\t\t\t\t\t<\/div>\n\t\t<\/div>\n\t\t\t\t\t<\/div>\n\t\t<\/section>\n\t\t\t\t<\/div>\n\t\t","protected":false},"excerpt":{"rendered":"<p>SISTEMA DE GESTI\u00d3N DE CALIDAD Brunotir ha creado, documentado, implementado y mantiene un SGC, seg\u00fan los est\u00e1ndares de la certificaci\u00f3n ISO 9001:2015. Este sistema asegura la mejor\u00eda constante del desempe\u00f1o operacional de la organizaci\u00f3n, para cumplir las necesidades actuales y futuras de los clientes, cumplir sus requisitos y sobrepasar sus expectativas. El SGC fue creado [&hellip;]<\/p>\n","protected":false},"author":1,"featured_media":0,"parent":0,"menu_order":10,"comment_status":"closed","ping_status":"closed","template":"elementor_header_footer","meta":{"footnotes":""},"class_list":["post-2170","page","type-page","status-publish","hentry"],"_links":{"self":[{"href":"https:\/\/brunotir.pt\/es\/wp-json\/wp\/v2\/pages\/2170","targetHints":{"allow":["GET"]}}],"collection":[{"href":"https:\/\/brunotir.pt\/es\/wp-json\/wp\/v2\/pages"}],"about":[{"href":"https:\/\/brunotir.pt\/es\/wp-json\/wp\/v2\/types\/page"}],"author":[{"embeddable":true,"href":"https:\/\/brunotir.pt\/es\/wp-json\/wp\/v2\/users\/1"}],"replies":[{"embeddable":true,"href":"https:\/\/brunotir.pt\/es\/wp-json\/wp\/v2\/comments?post=2170"}],"version-history":[{"count":0,"href":"https:\/\/brunotir.pt\/es\/wp-json\/wp\/v2\/pages\/2170\/revisions"}],"wp:attachment":[{"href":"https:\/\/brunotir.pt\/es\/wp-json\/wp\/v2\/media?parent=2170"}],"curies":[{"name":"wp","href":"https:\/\/api.w.org\/{rel}","templated":true}]}}