{"id":2227,"date":"2023-02-07T11:44:46","date_gmt":"2023-02-07T11:44:46","guid":{"rendered":"https:\/\/brunotir.pt\/?page_id=2227"},"modified":"2023-02-07T14:36:50","modified_gmt":"2023-02-07T14:36:50","slug":"datenschutzpolitik","status":"publish","type":"page","link":"https:\/\/brunotir.pt\/de\/datenschutzpolitik\/","title":{"rendered":"Datenschutzpolitik"},"content":{"rendered":"\t\t<div data-elementor-type=\"wp-page\" data-elementor-id=\"2227\" class=\"elementor elementor-2227 elementor-2174\" data-elementor-post-type=\"page\">\n\t\t\t\t\t\t<section class=\"elementor-section elementor-top-section elementor-element elementor-element-4ac28c33 elementor-section-boxed elementor-section-height-default elementor-section-height-default\" data-id=\"4ac28c33\" data-element_type=\"section\" data-e-type=\"section\" data-settings=\"{&quot;jet_parallax_layout_list&quot;:[]}\">\n\t\t\t\t\t\t<div class=\"elementor-container elementor-column-gap-default\">\n\t\t\t\t\t<div class=\"elementor-column elementor-col-100 elementor-top-column elementor-element elementor-element-619b6a34\" data-id=\"619b6a34\" data-element_type=\"column\" data-e-type=\"column\">\n\t\t\t<div class=\"elementor-widget-wrap elementor-element-populated\">\n\t\t\t\t\t\t<div class=\"elementor-element elementor-element-6a0b898 elementor-widget elementor-widget-heading\" data-id=\"6a0b898\" data-element_type=\"widget\" data-e-type=\"widget\" data-widget_type=\"heading.default\">\n\t\t\t\t<div class=\"elementor-widget-container\">\n\t\t\t\t\t<h1 class=\"elementor-heading-title elementor-size-default\">Datenschutzpolitik<\/h1>\t\t\t\t<\/div>\n\t\t\t\t<\/div>\n\t\t\t\t<div class=\"elementor-element elementor-element-739174d elementor-widget elementor-widget-heading\" data-id=\"739174d\" data-element_type=\"widget\" data-e-type=\"widget\" data-widget_type=\"heading.default\">\n\t\t\t\t<div class=\"elementor-widget-container\">\n\t\t\t\t\t<h2 class=\"elementor-heading-title elementor-size-default\">Gesch\u00e4ftsbedingungen<\/h2>\t\t\t\t<\/div>\n\t\t\t\t<\/div>\n\t\t\t\t<div class=\"elementor-element elementor-element-6604d352 elementor-widget__width-inherit elementor-widget elementor-widget-text-editor\" data-id=\"6604d352\" data-element_type=\"widget\" data-e-type=\"widget\" data-widget_type=\"text-editor.default\">\n\t\t\t\t<div class=\"elementor-widget-container\">\n\t\t\t\t\t\t\t\t\t<p>Grupo Brunotir Transportes, Lda, im Folgenden als Brunotir bezeichnet, ist sich der Auswirkungen und seiner Verantwortung bewusst, die \u00c4nderungen einzuhalten, die in Bezug auf den Schutz personenbezogener Daten eingef\u00fchrt wurden, insbesondere mit der Erstellung von Effekten am 25. Mai 2018 des Allgemeinen Schutzes Datenverordnung, genehmigt durch die Verordnung (EU) 2016\/679 vom 26. April 2016.<br \/>Brunotir verpflichtet sich daher, den Schutz aller ihm zur Verf\u00fcgung gestellten personenbezogenen Daten zu gew\u00e4hrleisten, indem es in diesem Sinne verschiedene Sicherheitsma\u00dfnahmen technischer und organisatorischer Art getroffen hat, um personenbezogene Daten vor jeder Form von rechtswidriger Behandlung zu sch\u00fctzen.<br \/>Die Brunotir-Gruppe ist auch bestrebt, die zum Schutz personenbezogener Daten implementierten Verfahren und Techniken kontinuierlich zu verbessern, und st\u00fctzt sich zu diesem Zweck auch auf alle Vorschl\u00e4ge, die Benutzer dieser Website an uns senden.<br \/>Diese Datenschutzbedingungen gelten ausschlie\u00dflich f\u00fcr die Verarbeitung personenbezogener Daten durch Brunotir, die \u00fcber seine Website oder kommerzielle und Werbema\u00dfnahmen erhoben werden.<\/p><p><b>1. Zweck der Behandlung<\/b><br \/>Personenbezogene Daten werden ausschlie\u00dflich zu folgenden Zwecken erhoben:<br \/>Antwort auf Kontaktanfrage;<br \/>Kaufm\u00e4nnische Verwaltung;<br \/>Verbesserung oder Anpassung unserer Dienste;<br \/>Versand von Newslettern und anderen Werbeaktionen. Kunden k\u00f6nnen das Abonnement des Newsletter-Dienstes per E-Mail k\u00fcndigen, indem sie auf den Newsletter-Link klicken, den wir per E-Mail versenden.<\/p><p><b>2. Erhobene personenbezogene Daten<\/b><br \/>Die erhobenen Daten beschr\u00e4nken sich auf den Namen und die E-Mail-Adresse, werden f\u00fcr die in dieser Richtlinie beschriebenen Zwecke verwendet und sind erh\u00e4ltlich \u00fcber:<br \/>Website-Kontaktformular;<br \/>Sammlung von Angesicht zu Angesicht.<\/p><p><b>3. Zustimmung<\/b><br \/>Vor dem Versand der ersten Werbenachricht oder des Newsletters wird die betroffene Person um ihre ausdr\u00fcckliche Zustimmung zum Versand dieser Art von Nachrichten gebeten.<br \/>Diese Zustimmung wird per E-Mail angefordert und die betroffene Person erh\u00e4lt nur Nachrichten, wenn sie positiv reagiert. Bei negativer Antwort werden Ihre Daten gel\u00f6scht.<\/p><p><b>4. Aufbewahrungsfrist<\/b><br \/>Die erhobenen personenbezogenen Daten werden so lange aufbewahrt, wie der Inhaber zu den unter 1.<\/p><p><b>5. Weitergabe personenbezogener Daten<\/b><br \/>Die gesammelten personenbezogenen Daten k\u00f6nnen zum Hosten und Sichern auf Servern in Portugal und nur von der Unternehmensgruppe der Brunotir-Gruppe weitergegeben werden.<\/p><p><b>6. Rechte der Inhaber<\/b><br \/>Um auf die Einwilligung der Mitteilungen zuzugreifen, sie zu korrigieren, hinzuzuf\u00fcgen, zu aktualisieren, zu l\u00f6schen oder zu \u00e4ndern, muss der Inhaber Brunotir per E-Mail an geral@brunotir.pt kontaktieren. Solche Anfragen werden schnellstm\u00f6glich bearbeitet.<br \/>Sie k\u00f6nnen dieses Kontaktformular auch f\u00fcr Erl\u00e4uterungen oder Vorschl\u00e4ge zu diesen Allgemeinen Gesch\u00e4ftsbedingungen verwenden.<\/p><p><b>7. Links zu Partnerseiten<\/b><br \/>Die Brunotir-Website kann Links zu Websites Dritter\/Partner enthalten. Die verlinkten Seiten unterliegen nicht der Kontrolle von Brunotir und sind f\u00fcr den Inhalt dieser Seiten nicht verantwortlich. Es wird empfohlen, dass Benutzer der Brunotir-Website beim Zugriff auf andere Websites die Seiten konsultieren, die innerhalb dieser Websites auf deren Datenschutzrichtlinien verweisen.<\/p><p><b>8. Kekse<\/b><br \/>Beim Surfen auf der Brunotir-Website werden Cookies verwendet, die jedoch keine Informationen sammeln, die den Benutzer identifizieren. Allgemeine Informationen werden gesammelt, n\u00e4mlich wie Benutzer zu den Websites gelangen und diese verwenden. Die gesammelten Informationen werden zum Zwecke der Kontrolle der Anzahl der Besuche und statistischer Studien verwendet, sowie um sicherzustellen, dass die Website korrekt funktioniert und um die Navigation zu erleichtern und die Benutzererfahrung zu verbessern.<br \/>Die Verwendung von Cookies erm\u00f6glicht es, die Navigation auf der Website st\u00e4ndig zu optimieren, um ein qualitativ hochwertiges Erlebnis zu bieten, das die beim vorherigen Besuch des Benutzers erzielte Qualit\u00e4t \u00fcbertrifft.<\/p><p><b>9. \u00c4nderung der Datenschutzbestimmungen<\/b><br \/>Diese Datenschutzbedingungen k\u00f6nnen aufgrund gesetzlicher oder beh\u00f6rdlicher Anforderungen gem\u00e4\u00df geltendem Recht ohne vorherige Ank\u00fcndigung ge\u00e4ndert oder \u00fcberarbeitet werden. Alle wesentlichen \u00c4nderungen dieser Bedingungen werden den Benutzern ordnungsgem\u00e4\u00df auf der Website der Gruppe mitgeteilt.<br \/>Da diese Allgemeinen Gesch\u00e4ftsbedingungen gem\u00e4\u00df den oben beschriebenen Kriterien jederzeit ge\u00e4ndert werden k\u00f6nnen, empfiehlt Brunotir seinen Benutzern, sie regelm\u00e4\u00dfig zu \u00fcberpr\u00fcfen.<\/p><p>Datenschutzbestimmungen \u2013 Version 1.0 \u2013 07.06.2018<\/p>\t\t\t\t\t\t\t\t<\/div>\n\t\t\t\t<\/div>\n\t\t\t\t<div class=\"elementor-element elementor-element-edc9678 elementor-widget elementor-widget-heading\" data-id=\"edc9678\" data-element_type=\"widget\" data-e-type=\"widget\" data-widget_type=\"heading.default\">\n\t\t\t\t<div class=\"elementor-widget-container\">\n\t\t\t\t\t<h2 class=\"elementor-heading-title elementor-size-default\">Cookie-Richtlinie<\/h2>\t\t\t\t<\/div>\n\t\t\t\t<\/div>\n\t\t\t\t<div class=\"elementor-element elementor-element-35d2b74 elementor-widget__width-inherit elementor-widget elementor-widget-text-editor\" data-id=\"35d2b74\" data-element_type=\"widget\" data-e-type=\"widget\" data-widget_type=\"text-editor.default\">\n\t\t\t\t<div class=\"elementor-widget-container\">\n\t\t\t\t\t\t\t\t\t<p><strong>1. Einleitung<\/strong><br \/>Diese Website verwendet Cookies ausschlie\u00dflich zum Zweck der Verbesserung und Optimierung der Benutzererfahrung.<\/p><p><br \/><strong>2. Was sind Cookies?<\/strong><br \/>Dies sind sehr kleine Dateien, die Informationen enthalten, die f\u00fcr das Surfen auf dieser Website relevant sind. Diese Dateien werden von dem f\u00fcr den Zugriff auf diese Website verwendeten Ger\u00e4t (Smartphone, Computer, Tablet usw.) \u00fcber den Internetbrowser (Webbrowser) w\u00e4hrend des Besuchs des Benutzers auf der Website geladen.<\/p><p>Cookies erlauben:<br \/>Gew\u00e4hrleistung der korrekten Funktion der Webseiten.<br \/>Speichern Sie Benutzereinstellungen (z. B. gew\u00e4hlte Sprache, Schriftgr\u00f6\u00dfe usw.).<br \/>Erhalten Sie Informationen \u00fcber das Surferlebnis, das dem Benutzer bereitgestellt wird.<br \/>Erhalten Sie anonyme statistische Informationen \u00fcber die von Benutzern besuchten Seiten oder die auf der Website verbrachte Zeit.<\/p><p><br \/><strong>3. Zweck der Verwendung von Cookies<\/strong><br \/>Die Zwecke der Verwendung von Cookies auf dieser Website sind:<br \/>Sicherstellen, dass es richtig funktioniert<br \/>Erleichtern Sie die Navigation und verbessern Sie die Benutzererfahrung.<br \/>Die Verwendung von Cookies erm\u00f6glicht es, die Navigation auf der Website st\u00e4ndig zu optimieren, um ein qualitativ hochwertiges Erlebnis zu bieten, das die beim vorherigen Besuch des Benutzers erzielte Qualit\u00e4t \u00fcbertrifft.<\/p><p><br \/><strong>4. Typologie und Funktionalit\u00e4t<\/strong><br \/>Je nach Dauerhaftigkeit k\u00f6nnen Cookies in zwei Arten eingeteilt werden:<br \/>Sitzungscookies:<br \/>Sie verfallen in dem Moment, in dem das Webbrowser-Fenster geschlossen wird. Sie werden verwendet, um Benutzeraktionen w\u00e4hrend der Sitzung zu verkn\u00fcpfen.<br \/>Persistente Cookies:<br \/>Sie erl\u00f6schen, wenn ihre Aufgabe oder Funktion vollst\u00e4ndig erf\u00fcllt ist, ihre G\u00fcltigkeit erlischt oder sie manuell durch den Benutzer entfernt werden. Sie werden bei jedem Besuch der Website erneut aktiviert.<br \/>Je nach Zweck k\u00f6nnen sie wie folgt weiter eingeteilt werden:<\/p><p>Unbedingt erforderlich oder unerl\u00e4sslich:<br \/>Sie sind wesentliche Cookies f\u00fcr das Funktionieren der Website. Sie sind f\u00fcr die korrekte Funktion und Darstellung der Website verantwortlich. Sie werden als Reaktion auf Benutzeraktionen wie Einloggen oder Ausf\u00fcllen von Formularen aktiviert.<\/p><p>Leistung:<br \/>Zur Sammlung statistischer Daten \u00fcber die Leistung der Website bestimmt. Es werden keine Benutzerdaten gesammelt, sondern nur Parameter m\u00f6glicher Fehler oder der Leistung neuer Funktionen, die m\u00f6glicherweise auf der Website implementiert wurden oder wurden.<\/p><p>Funktionalit\u00e4t:<br \/>Sie werden haupts\u00e4chlich verwendet, um die Funktionalit\u00e4ten der Website zu unterst\u00fctzen und einige Benutzerinformationen zu speichern, wie die gew\u00e4hlte Sprache, die Personalisierung des Kundenbereichs usw.<\/p><p>Werbung oder spezifisches Ziel:<br \/>Sie werden verwendet, um die Seiten aufzuzeichnen, die der Benutzer angesehen hat, und die Links, denen er gefolgt ist, um dem Benutzer die f\u00fcr ihn relevantesten oder interessantesten Werbeinhalte bereitzustellen. Diese Informationen k\u00f6nnen an Dritte weitergegeben und zur Bewertung der Erfolgsquote von Werbekampagnen verwendet werden.<\/p><p>Hinweis: Alle Websites von Drittanbietern k\u00f6nnen diese Art von Cookies enthalten, \u00fcber die wir keine Kontrolle haben.<\/p><p><br \/><strong>5. Blockieren Sie die Verwendung von Cookies<\/strong><br \/>Wenn der Benutzer es w\u00fcnscht, kann er die Cookie-Funktion des Browsers deaktivieren oder die Verwendung von Cookies f\u00fcr einen bestimmten Dienst einschr\u00e4nken.<br \/>Normalerweise k\u00f6nnen alle \u00c4nderungen auf Webbrowser-Ebene in Bezug auf die Art und Weise, wie Cookies verwendet und\/oder akzeptiert werden, im Abschnitt \u201eOptionen\u201c oder \u201eBrowsereinstellungen\u201c vorgenommen werden.<br \/>Hier ist die Anleitung, um die Verwendung von Cookies f\u00fcr die g\u00e4ngigsten Internetbrowser zu blockieren:<br \/>Google Chrome: &#8211; http:\/\/support.google.com\/chrome\/bin\/answer.py?hl=pt&amp;answer=95647<br \/>Internet Explorer: &#8211; http:\/\/windows.microsoft.com\/pt-pt\/windows7\/how-to-manage-cookies-in-internet-explorer-9<br \/>Mozilla Firefox: &#8211; https:\/\/support.mozilla.org\/pt-PT\/kb\/activar-e-desativar-cookies-which-os-websites-utiliza<br \/>Apple-Safari: &#8211; https:\/\/support.apple.com\/pt-pt\/HT201265<\/p><p>Benutzer k\u00f6nnen sich daf\u00fcr entscheiden, ihre Daten nicht mit Google-Diensten zu teilen. Greifen Sie dazu auf den Anzeigenvorgaben-Manager und das Browser-Add-on zur Deaktivierung von Analytics zu.<br \/>Zus\u00e4tzlich zu den oben beschriebenen Mitteln f\u00fcr die verschiedenen Internetbrowser kann der Benutzer auch spezifische Tools zum Umgang mit Cookies verwenden.<\/p><p><br \/><strong>6. Folgen des Blockierens von Cookies auf dieser Website<\/strong><br \/>Wenn die auf dieser Website verwendeten Cookies teilweise oder vollst\u00e4ndig blockiert werden, funktionieren einige Funktionen und\/oder Dienste m\u00f6glicherweise nicht mehr richtig oder verhalten sich anders als erwartet (z. B. Benutzereinstellungen oder der Kundenbereich werden nicht richtig gespeichert oder geladen).<br \/>Wenn der Benutzer die Verwendung von Cookies auf dieser Website blockiert, ist es sehr wahrscheinlich, dass er auf bestimmte Bereiche der Website nicht mehr zugreifen kann oder dass<\/p><p><strong>7. Zus\u00e4tzliche Gew\u00e4hrleistungen und Widerruf der Annahme<\/strong><br \/>Brunotir Transportes, Lda ist nicht verantwortlich f\u00fcr den Inhalt und die Richtigkeit der Datenschutzrichtlinien von Komponenten Dritter, die auf dieser Website enthalten sind.<br \/>Die Verwendung und Registrierung von Cookies auf dieser Website kann von der Annahme von Cookies durch den Benutzer beim Besuch dieser Website, der Installation oder Aktualisierung des verwendeten Browsers abh\u00e4ngen. Diese Zustimmung kann jederzeit \u00fcber die unter Punkt 4 dieser Erkl\u00e4rung genannten Einstellungsm\u00f6glichkeiten zum Inhalt und Datenschutz widerrufen werden.<\/p><p><br \/><strong>8. \u00c4nderung der Cookie-Richtlinie<\/strong><br \/>Brunotir Transportes, Lda beh\u00e4lt sich das Recht vor, diese Cookie-Richtlinie gem\u00e4\u00df den gesetzlichen oder beh\u00f6rdlichen Anforderungen in \u00dcbereinstimmung mit dem geltenden Recht zu \u00e4ndern.<br \/>Alle wesentlichen \u00c4nderungen an dieser Richtlinie werden den Website-Benutzern ordnungsgem\u00e4\u00df mitgeteilt.<br \/>Da diese Cookie-Richtlinie gem\u00e4\u00df den oben beschriebenen Kriterien jederzeit ge\u00e4ndert werden kann, empfiehlt Brunotir Transportes, Lda seinen Benutzern, die Cookie-Richtlinie regelm\u00e4\u00dfig zu \u00fcberpr\u00fcfen, um \u00fcber die geltende Cookie-Richtlinie informiert zu bleiben.<br \/>Die ge\u00e4nderte Cookie-Richtlinie tritt ab dem \u00dcberarbeitungsdatum in Kraft, dieses Datum wird oben auf der Seite angezeigt.<\/p><p><br \/>Cookie-Richtlinie \u2013 Version 1.0 \u2013 07.06.2018<\/p><p>sein Surferlebnis auf der Website erheblich beeintr\u00e4chtigt wird.<\/p><p>\u00a0<\/p>\t\t\t\t\t\t\t\t<\/div>\n\t\t\t\t<\/div>\n\t\t\t\t\t<\/div>\n\t\t<\/div>\n\t\t\t\t\t<\/div>\n\t\t<\/section>\n\t\t\t\t<\/div>\n\t\t","protected":false},"excerpt":{"rendered":"<p>Datenschutzpolitik Gesch\u00e4ftsbedingungen Grupo Brunotir Transportes, Lda, im Folgenden als Brunotir bezeichnet, ist sich der Auswirkungen und seiner Verantwortung bewusst, die \u00c4nderungen einzuhalten, die in Bezug auf den Schutz personenbezogener Daten eingef\u00fchrt wurden, insbesondere mit der Erstellung von Effekten am 25. Mai 2018 des Allgemeinen Schutzes Datenverordnung, genehmigt durch die Verordnung (EU) 2016\/679 vom 26. April [&hellip;]<\/p>\n","protected":false},"author":1,"featured_media":0,"parent":0,"menu_order":6,"comment_status":"closed","ping_status":"closed","template":"elementor_header_footer","meta":{"footnotes":""},"class_list":["post-2227","page","type-page","status-publish","hentry"],"_links":{"self":[{"href":"https:\/\/brunotir.pt\/de\/wp-json\/wp\/v2\/pages\/2227","targetHints":{"allow":["GET"]}}],"collection":[{"href":"https:\/\/brunotir.pt\/de\/wp-json\/wp\/v2\/pages"}],"about":[{"href":"https:\/\/brunotir.pt\/de\/wp-json\/wp\/v2\/types\/page"}],"author":[{"embeddable":true,"href":"https:\/\/brunotir.pt\/de\/wp-json\/wp\/v2\/users\/1"}],"replies":[{"embeddable":true,"href":"https:\/\/brunotir.pt\/de\/wp-json\/wp\/v2\/comments?post=2227"}],"version-history":[{"count":0,"href":"https:\/\/brunotir.pt\/de\/wp-json\/wp\/v2\/pages\/2227\/revisions"}],"wp:attachment":[{"href":"https:\/\/brunotir.pt\/de\/wp-json\/wp\/v2\/media?parent=2227"}],"curies":[{"name":"wp","href":"https:\/\/api.w.org\/{rel}","templated":true}]}}