{"id":2221,"date":"2022-09-09T21:17:48","date_gmt":"2022-09-09T21:17:48","guid":{"rendered":"https:\/\/brunotir.pt\/qualitaetsmanagementsystem\/"},"modified":"2025-10-24T11:37:38","modified_gmt":"2025-10-24T11:37:38","slug":"qualitaetsmanagementsystem","status":"publish","type":"page","link":"https:\/\/brunotir.pt\/de\/qualitaetsmanagementsystem\/","title":{"rendered":"QUALIT\u00c4TSMANAGEMENTSYSTEM"},"content":{"rendered":"\t\t<div data-elementor-type=\"wp-page\" data-elementor-id=\"2221\" class=\"elementor elementor-2221 elementor-1006\" data-elementor-post-type=\"page\">\n\t\t\t\t\t\t<section class=\"elementor-section elementor-top-section elementor-element elementor-element-3597705 elementor-section-height-min-height elementor-section-boxed elementor-section-height-default elementor-section-items-middle\" data-id=\"3597705\" data-element_type=\"section\" data-e-type=\"section\" data-settings=\"{&quot;jet_parallax_layout_list&quot;:[]}\">\n\t\t\t\t\t\t<div class=\"elementor-container elementor-column-gap-default\">\n\t\t\t\t\t<div class=\"elementor-column elementor-col-100 elementor-top-column elementor-element elementor-element-3d2fe99\" data-id=\"3d2fe99\" data-element_type=\"column\" data-e-type=\"column\">\n\t\t\t<div class=\"elementor-widget-wrap elementor-element-populated\">\n\t\t\t\t\t\t<div class=\"elementor-element elementor-element-1b90470 elementor-widget elementor-widget-heading\" data-id=\"1b90470\" data-element_type=\"widget\" data-e-type=\"widget\" data-widget_type=\"heading.default\">\n\t\t\t\t<div class=\"elementor-widget-container\">\n\t\t\t\t\t<h1 class=\"elementor-heading-title elementor-size-default\">QUALIT\u00c4TSMANAGEMENTSYSTEM<\/h1>\t\t\t\t<\/div>\n\t\t\t\t<\/div>\n\t\t\t\t<div class=\"elementor-element elementor-element-72e974f elementor-widget__width-initial elementor-widget elementor-widget-text-editor\" data-id=\"72e974f\" data-element_type=\"widget\" data-e-type=\"widget\" data-widget_type=\"text-editor.default\">\n\t\t\t\t<div class=\"elementor-widget-container\">\n\t\t\t\t\t\t\t\t\t<p>Brunotir hat ein QMS eingerichtet, dokumentiert, implementiert und unterh\u00e4lt es in \u00dcbereinstimmung mit den Anforderungen der Referenznorm ISO 9001:2015. Dieses System erm\u00f6glicht die st\u00e4ndige Verbesserung der betrieblichen Leistung der Organisation, um den aktuellen und zuk\u00fcnftigen Bed\u00fcrfnissen der Kunden gerecht zu werden, ihre Anforderungen zu erf\u00fcllen und ihre Erwartungen zu \u00fcbertreffen. Das QMS wurde aus der Identifizierung der Schl\u00fcsselprozesse und der sie unterst\u00fctzenden Prozesse auf der Grundlage der Einhaltung der Anforderungen der Referenznorm entwickelt.<\/p><p>Der Anwendungsbereich des QMS umfasst alle Aktivit\u00e4ten im Zusammenhang mit dem \u00f6ffentlichen Stra\u00dfeng\u00fcterverkehr von St\u00fcckgut auf nationaler und internationaler Ebene.<\/p><p>Somit hat die Gesch\u00e4ftsleitung von Brunotir als Qualit\u00e4tspolitik die feste Verpflichtung festgesetzt, ihren Kunden ein hohes Qualit\u00e4tsniveau der erbrachten Dienstleistungen zu bieten, um ihre Anforderungen und Erwartungen zu erf\u00fcllen, da die Zufriedenheit der Kunden der grundlegende Faktor f\u00fcr die Wettbewerbsf\u00e4higkeit und Rentabilit\u00e4t des Unternehmens ist.<\/p><p>Brunotir verfolgt eine Strategie der nachhaltigen Entwicklung, indem es sich aufgrund der Qualit\u00e4t seiner Dienstleistungen und der damit verbundenen Glaubw\u00fcrdigkeit als Referenzunternehmen im Transportwesen positioniert. Zu diesem Zweck hat die Gesch\u00e4ftsleitung ein Qualit\u00e4tsmanagementsystem gem\u00e4\u00df der Norm NP EN ISO 9001:2015 eingerichtet und unterh\u00e4lt es fortlaufend aufrecht, um die geltenden Anforderungen zu erf\u00fcllen und seine Wirksamkeit kontinuierlich zu verbessern.<\/p>\t\t\t\t\t\t\t\t<\/div>\n\t\t\t\t<\/div>\n\t\t\t\t<div class=\"elementor-element elementor-element-1eed557 elementor-align-left elementor-widget elementor-widget-button\" data-id=\"1eed557\" data-element_type=\"widget\" data-e-type=\"widget\" data-settings=\"{&quot;_animation&quot;:&quot;none&quot;}\" data-widget_type=\"button.default\">\n\t\t\t\t<div class=\"elementor-widget-container\">\n\t\t\t\t\t\t\t\t\t<div class=\"elementor-button-wrapper\">\n\t\t\t\t\t<a class=\"elementor-button elementor-button-link elementor-size-md\" href=\"https:\/\/brunotir.pt\/wp-content\/uploads\/2022\/11\/Politica-Qualidade-BNT-e-TJM.pdf\">\n\t\t\t\t\t\t<span class=\"elementor-button-content-wrapper\">\n\t\t\t\t\t\t<span class=\"elementor-button-icon\">\n\t\t\t\t<i aria-hidden=\"true\" class=\"far fa-file-pdf\"><\/i>\t\t\t<\/span>\n\t\t\t\t\t\t\t\t\t<span class=\"elementor-button-text\">Qualit\u00e4tsrichtlinie<\/span>\n\t\t\t\t\t<\/span>\n\t\t\t\t\t<\/a>\n\t\t\t\t<\/div>\n\t\t\t\t\t\t\t\t<\/div>\n\t\t\t\t<\/div>\n\t\t\t\t<div class=\"elementor-element elementor-element-2a88013 elementor-align-left elementor-widget elementor-widget-button\" data-id=\"2a88013\" data-element_type=\"widget\" data-e-type=\"widget\" data-settings=\"{&quot;_animation&quot;:&quot;none&quot;}\" data-widget_type=\"button.default\">\n\t\t\t\t<div class=\"elementor-widget-container\">\n\t\t\t\t\t\t\t\t\t<div class=\"elementor-button-wrapper\">\n\t\t\t\t\t<a class=\"elementor-button elementor-button-link elementor-size-md\" href=\"https:\/\/brunotir.pt\/wp-content\/uploads\/2022\/11\/Certificado-ISO9001_Brunotir_EN.pdf\">\n\t\t\t\t\t\t<span class=\"elementor-button-content-wrapper\">\n\t\t\t\t\t\t<span class=\"elementor-button-icon\">\n\t\t\t\t<i aria-hidden=\"true\" class=\"far fa-file-pdf\"><\/i>\t\t\t<\/span>\n\t\t\t\t\t\t\t\t\t<span class=\"elementor-button-text\">ISO 9001:2015-Zertifikat<\/span>\n\t\t\t\t\t<\/span>\n\t\t\t\t\t<\/a>\n\t\t\t\t<\/div>\n\t\t\t\t\t\t\t\t<\/div>\n\t\t\t\t<\/div>\n\t\t\t\t<div class=\"elementor-element elementor-element-239d232 elementor-align-left elementor-widget elementor-widget-button\" data-id=\"239d232\" data-element_type=\"widget\" data-e-type=\"widget\" data-settings=\"{&quot;_animation&quot;:&quot;none&quot;}\" data-widget_type=\"button.default\">\n\t\t\t\t<div class=\"elementor-widget-container\">\n\t\t\t\t\t\t\t\t\t<div class=\"elementor-button-wrapper\">\n\t\t\t\t\t<a class=\"elementor-button elementor-button-link elementor-size-md\" href=\"https:\/\/brunotir.pt\/wp-content\/uploads\/2022\/11\/Criterios-de-Avaliacao-de-Fornecedores.pdf\">\n\t\t\t\t\t\t<span class=\"elementor-button-content-wrapper\">\n\t\t\t\t\t\t<span class=\"elementor-button-icon\">\n\t\t\t\t<i aria-hidden=\"true\" class=\"far fa-file-pdf\"><\/i>\t\t\t<\/span>\n\t\t\t\t\t\t\t\t\t<span class=\"elementor-button-text\">Lieferantenbewertungskriterien<\/span>\n\t\t\t\t\t<\/span>\n\t\t\t\t\t<\/a>\n\t\t\t\t<\/div>\n\t\t\t\t\t\t\t\t<\/div>\n\t\t\t\t<\/div>\n\t\t\t\t\t<\/div>\n\t\t<\/div>\n\t\t\t\t\t<\/div>\n\t\t<\/section>\n\t\t\t\t<\/div>\n\t\t","protected":false},"excerpt":{"rendered":"<p>QUALIT\u00c4TSMANAGEMENTSYSTEM Brunotir hat ein QMS eingerichtet, dokumentiert, implementiert und unterh\u00e4lt es in \u00dcbereinstimmung mit den Anforderungen der Referenznorm ISO 9001:2015. Dieses System erm\u00f6glicht die st\u00e4ndige Verbesserung der betrieblichen Leistung der Organisation, um den aktuellen und zuk\u00fcnftigen Bed\u00fcrfnissen der Kunden gerecht zu werden, ihre Anforderungen zu erf\u00fcllen und ihre Erwartungen zu \u00fcbertreffen. Das QMS wurde aus [&hellip;]<\/p>\n","protected":false},"author":1,"featured_media":0,"parent":0,"menu_order":10,"comment_status":"closed","ping_status":"closed","template":"elementor_header_footer","meta":{"footnotes":""},"class_list":["post-2221","page","type-page","status-publish","hentry"],"_links":{"self":[{"href":"https:\/\/brunotir.pt\/de\/wp-json\/wp\/v2\/pages\/2221","targetHints":{"allow":["GET"]}}],"collection":[{"href":"https:\/\/brunotir.pt\/de\/wp-json\/wp\/v2\/pages"}],"about":[{"href":"https:\/\/brunotir.pt\/de\/wp-json\/wp\/v2\/types\/page"}],"author":[{"embeddable":true,"href":"https:\/\/brunotir.pt\/de\/wp-json\/wp\/v2\/users\/1"}],"replies":[{"embeddable":true,"href":"https:\/\/brunotir.pt\/de\/wp-json\/wp\/v2\/comments?post=2221"}],"version-history":[{"count":0,"href":"https:\/\/brunotir.pt\/de\/wp-json\/wp\/v2\/pages\/2221\/revisions"}],"wp:attachment":[{"href":"https:\/\/brunotir.pt\/de\/wp-json\/wp\/v2\/media?parent=2221"}],"curies":[{"name":"wp","href":"https:\/\/api.w.org\/{rel}","templated":true}]}}