{"id":2219,"date":"2022-06-07T11:10:44","date_gmt":"2022-06-07T11:10:44","guid":{"rendered":"https:\/\/brunotir.pt\/angebot-anfordern\/"},"modified":"2023-02-17T16:49:08","modified_gmt":"2023-02-17T16:49:08","slug":"angebot-anfordern","status":"publish","type":"page","link":"https:\/\/brunotir.pt\/de\/angebot-anfordern\/","title":{"rendered":"ANGEBOT ANFORDERN"},"content":{"rendered":"\t\t<div data-elementor-type=\"wp-page\" data-elementor-id=\"2219\" class=\"elementor elementor-2219 elementor-203\" data-elementor-post-type=\"page\">\n\t\t\t\t\t\t<section class=\"elementor-section elementor-top-section elementor-element elementor-element-b987e7a elementor-section-boxed elementor-section-height-default elementor-section-height-default\" data-id=\"b987e7a\" data-element_type=\"section\" data-e-type=\"section\" data-settings=\"{&quot;jet_parallax_layout_list&quot;:[]}\">\n\t\t\t\t\t\t<div class=\"elementor-container elementor-column-gap-default\">\n\t\t\t\t\t<div class=\"elementor-column elementor-col-100 elementor-top-column elementor-element elementor-element-58def82\" data-id=\"58def82\" data-element_type=\"column\" data-e-type=\"column\" data-settings=\"{&quot;background_background&quot;:&quot;classic&quot;}\">\n\t\t\t<div class=\"elementor-widget-wrap elementor-element-populated\">\n\t\t\t\t\t\t<div class=\"elementor-element elementor-element-f6fa48b elementor-widget__width-initial elementor-widget elementor-widget-heading\" data-id=\"f6fa48b\" data-element_type=\"widget\" data-e-type=\"widget\" data-widget_type=\"heading.default\">\n\t\t\t\t<div class=\"elementor-widget-container\">\n\t\t\t\t\t<h1 class=\"elementor-heading-title elementor-size-default\">Angebot Anfordern<\/h1>\t\t\t\t<\/div>\n\t\t\t\t<\/div>\n\t\t\t\t<div class=\"elementor-element elementor-element-fb29d70 elementor-widget elementor-widget-jet-form-builder-form\" data-id=\"fb29d70\" data-element_type=\"widget\" data-e-type=\"widget\" data-widget_type=\"jet-form-builder-form.default\">\n\t\t\t\t<div class=\"elementor-widget-container\">\n\t\t\t\t\t<link rel='stylesheet' id='wp-block-library-css' href='https:\/\/brunotir.pt\/wp-includes\/css\/dist\/block-library\/style.min.css?ver=6.9.4' media='all' \/>\n<style id=\"jet-form-builder-2376-inline-css\"><\/style><form  class=\"jet-form-builder layout-column submit-type-reload\" action=\"https:\/\/brunotir.pt\/de\/wp-json\/wp\/v2\/pages\/2219\/?1IsZ26=iK3q59c47JC6&amp;method=reload\" method=\"POST\" data-form-id=\"2376\" data-layout=\"column\" enctype=\"multipart\/form-data\" novalidate=\"null\" ssr_validation_method=\"rest\"><input type=\"hidden\" id=\"_wpnonce\" name=\"_wpnonce\" value=\"a0573f5c02\" \/><input type=\"hidden\" name=\"_wp_http_referer\" value=\"\/de\/wp-json\/wp\/v2\/pages\/2219\" \/>\r\n<input type=\"hidden\" name=\"_jfb_current_render_states[]\" value=\"DEFAULT.STATE\" data-jfb-sync \/><input type=\"hidden\" class=\"jet-form-builder__field hidden-field\" name=\"_jet_engine_booking_form_id\" data-field-name=\"_jet_engine_booking_form_id\" value=\"2376\">\n<input type=\"hidden\" class=\"jet-form-builder__field hidden-field\" name=\"_jet_engine_refer\" data-field-name=\"_jet_engine_refer\" value=\"https:\/\/brunotir.pt\/de\/wp-json\/wp\/v2\/pages\/2219\/\">\n<input type=\"hidden\" class=\"jet-form-builder__field hidden-field\" name=\"__queried_post_id\" data-field-name=\"__queried_post_id\" value=\"2219\">\n\n<input type=\"hidden\" class=\"jet-form-builder__field hidden-field\" name=\"post_id\" data-field-name=\"post_id\" data-jfb-sync=\"null\" value=\"2219\">\n\n\n\n\n<div class=\"wp-block-columns is-layout-flex wp-container-core-columns-is-layout-28f84493 wp-block-columns-is-layout-flex\">\n<div class=\"wp-block-column is-layout-flow wp-block-column-is-layout-flow\"><div  class=\"jet-form-builder-row field-type-select-field wp-block-jet-forms-select-field\">\n<div class=\"jet-form-builder__label\">\r\n<div class=\"jet-form-builder__label-text\">Service <span class=\"jet-form-builder__required\">*<\/span><\/div><\/div><div class=\"jet-form-builder__field-wrap\">\n\t<select class=\"jet-form-builder__field select-field input_orc\" required=\"required\" name=\"tipo_servico\" data-field-name=\"tipo_servico\" id=\"tipo_servico\" data-jfb-sync=\"null\">\n\t\t<option value=\"carga_completa\" >Volle Ladung<\/option><option value=\"armazem\" >Lagerung<\/option><option value=\"express\" >\u00c4u\u00dfern<\/option><option value=\"grupagem\" >Sammelgut<\/option>\t<\/select>\n<\/div>\n<\/div><\/div>\n\n\n\n<div class=\"wp-block-column is-layout-flow wp-block-column-is-layout-flow\"><div  class=\"jet-form-builder-row field-type-select-field wp-block-jet-forms-select-field\">\n<div class=\"jet-form-builder__label\">\r\n<div class=\"jet-form-builder__label-text\">ADR-LADUNGEN <span class=\"jet-form-builder__required\">*<\/span><\/div><\/div><div class=\"jet-form-builder__field-wrap\">\n\t<select class=\"jet-form-builder__field select-field input_orc\" required=\"required\" name=\"carga_adr\" data-field-name=\"carga_adr\" id=\"carga_adr\" data-jfb-sync=\"null\">\n\t\t<option value=\"sim\" >Ja<\/option><option value=\"nao\" >Nein<\/option>\t<\/select>\n<\/div>\n<\/div><\/div>\n<\/div>\n\n\n\n<div class=\"wp-block-columns is-layout-flex wp-container-core-columns-is-layout-28f84493 wp-block-columns-is-layout-flex\">\n<div class=\"wp-block-column is-layout-flow wp-block-column-is-layout-flow\"><div  class=\"jet-form-builder-row field-type-text-field\" >\n<div class=\"jet-form-builder__label\">\r\n<div class=\"jet-form-builder__label-text\">Anzahl der B\u00e4nde<\/div><\/div><div class=\"jet-form-builder__field-wrap\">\n\t\t\t\t<input name=\"n_volumes\" id=\"n_volumes\" type=\"text\" data-field-name=\"n_volumes\" class=\"jet-form-builder__field text-field input_orc\" data-jfb-sync=\"null\" autocomplete=\"off_26m7Zyrh\">\n\t\t\t\t\t<\/div>\n<\/div><\/div>\n\n\n\n<div class=\"wp-block-column is-layout-flow wp-block-column-is-layout-flow\"><div  class=\"jet-form-builder-row field-type-text-field\" >\n<div class=\"jet-form-builder__label\">\r\n<div class=\"jet-form-builder__label-text\">Ma\u00dfe<\/div><\/div><div class=\"jet-form-builder__field-wrap\">\n\t\t\t\t<input name=\"dimensoes\" id=\"dimensoes\" type=\"text\" data-field-name=\"dimensoes\" class=\"jet-form-builder__field text-field input_orc\" data-jfb-sync=\"null\" autocomplete=\"off_AKcnG8Qg\">\n\t\t\t\t\t<\/div>\n<\/div><\/div>\n\n\n\n<div class=\"wp-block-column is-layout-flow wp-block-column-is-layout-flow\"><div  class=\"jet-form-builder-row field-type-text-field\" >\n<div class=\"jet-form-builder__label\">\r\n<div class=\"jet-form-builder__label-text\">Bruttogewicht<\/div><\/div><div class=\"jet-form-builder__field-wrap\">\n\t\t\t\t<input name=\"peso_bruto\" id=\"peso_bruto\" type=\"text\" data-field-name=\"peso_bruto\" class=\"jet-form-builder__field text-field input_orc\" data-jfb-sync=\"null\" autocomplete=\"off_V32R8DKe\">\n\t\t\t\t\t<\/div>\n<\/div><\/div>\n<\/div>\n\n\n<div class=\"jet-form-builder__conditional \" data-jfb-conditional=\"[{&quot;operator&quot;:&quot;equal&quot;,&quot;value&quot;:&quot;armazem&quot;,&quot;field&quot;:&quot;tipo_servico&quot;,&quot;use_preset&quot;:false}]\" data-jfb-func=\"show\">\n\n<div class=\"wp-block-columns is-layout-flex wp-container-core-columns-is-layout-28f84493 wp-block-columns-is-layout-flex\">\n<div class=\"wp-block-column is-layout-flow wp-block-column-is-layout-flow\"><div  class=\"jet-form-builder-row field-type-date-field\" >\n<div class=\"jet-form-builder__label\">\r\n<div class=\"jet-form-builder__label-text\"> Startdatum<\/div><\/div><input class=\"jet-form-builder__field date-field input_orc\" name=\"data_de_inicio\" type=\"date\" data-field-name=\"data_de_inicio\" id=\"data_de_inicio\" data-jfb-sync=\"null\">\n<\/div><\/div>\n\n\n\n<div class=\"wp-block-column is-layout-flow wp-block-column-is-layout-flow\"><div  class=\"jet-form-builder-row field-type-date-field\" >\n<div class=\"jet-form-builder__label\">\r\n<div class=\"jet-form-builder__label-text\">Endtermin<\/div><\/div><input class=\"jet-form-builder__field date-field input_orc\" name=\"data_de_fim\" type=\"date\" data-field-name=\"data_de_fim\" id=\"data_de_fim\" data-jfb-sync=\"null\">\n<\/div><\/div>\n<\/div>\n\n<\/div>\n\n<div class=\"jet-form-builder__conditional \" data-jfb-conditional=\"[{&quot;operator&quot;:&quot;equal&quot;,&quot;value&quot;:&quot;armazem&quot;,&quot;field&quot;:&quot;tipo_servico&quot;,&quot;use_preset&quot;:false}]\" data-jfb-func=\"hide\">\n\n<div class=\"wp-block-columns is-layout-flex wp-container-core-columns-is-layout-28f84493 wp-block-columns-is-layout-flex\">\n<div class=\"wp-block-column is-layout-flow wp-block-column-is-layout-flow\"><div  class=\"jet-form-builder-row field-type-text-field\" >\n<div class=\"jet-form-builder__label\">\r\n<div class=\"jet-form-builder__label-text\">Ladeplatz<\/div><\/div><div class=\"jet-form-builder__field-wrap\">\n\t\t\t\t<input name=\"local_de_carga\" id=\"local_de_carga\" type=\"text\" data-field-name=\"local_de_carga\" class=\"jet-form-builder__field text-field input_orc\" data-jfb-sync=\"null\" autocomplete=\"off_CwzuSbYN\">\n\t\t\t\t\t<\/div>\n<\/div><\/div>\n\n\n\n<div class=\"wp-block-column is-layout-flow wp-block-column-is-layout-flow\"><div  class=\"jet-form-builder-row field-type-text-field\" >\n<div class=\"jet-form-builder__label\">\r\n<div class=\"jet-form-builder__label-text\">Entladeort<\/div><\/div><div class=\"jet-form-builder__field-wrap\">\n\t\t\t\t<input name=\"local_de_descarga\" id=\"local_de_descarga\" type=\"text\" data-field-name=\"local_de_descarga\" class=\"jet-form-builder__field text-field input_orc\" data-jfb-sync=\"null\" autocomplete=\"off_H5g1WpFD\">\n\t\t\t\t\t<\/div>\n<\/div><\/div>\n<\/div>\n\n<\/div>\n\n\n<div class=\"wp-block-columns is-layout-flex wp-container-core-columns-is-layout-28f84493 wp-block-columns-is-layout-flex\">\n<div class=\"wp-block-column is-layout-flow wp-block-column-is-layout-flow\"><div  class=\"jet-form-builder-row field-type-text-field\" >\n<div class=\"jet-form-builder__label\">\r\n<div class=\"jet-form-builder__label-text\">Name <span class=\"jet-form-builder__required\">*<\/span><\/div><\/div><div class=\"jet-form-builder__field-wrap\">\n\t\t\t\t<input required=\"required\" name=\"nome_completo\" id=\"nome_completo\" type=\"text\" data-field-name=\"nome_completo\" class=\"jet-form-builder__field text-field input_orc\" data-jfb-sync=\"null\" autocomplete=\"off_CqNLpSny\">\n\t\t\t\t\t<\/div>\n<\/div><\/div>\n<\/div>\n\n\n\n<div class=\"wp-block-columns is-layout-flex wp-container-core-columns-is-layout-28f84493 wp-block-columns-is-layout-flex\">\n<div class=\"wp-block-column is-layout-flow wp-block-column-is-layout-flow\"><div  class=\"jet-form-builder-row field-type-text-field\" >\n<div class=\"jet-form-builder__label\">\r\n<div class=\"jet-form-builder__label-text\">Email <span class=\"jet-form-builder__required\">*<\/span><\/div><\/div><div class=\"jet-form-builder__field-wrap\">\n\t\t\t\t<input required=\"required\" name=\"email\" id=\"email\" type=\"text\" data-field-name=\"email\" class=\"jet-form-builder__field text-field input_orc\" data-jfb-sync=\"null\" autocomplete=\"off_V5ZQNWS6\">\n\t\t\t\t\t<\/div>\n<\/div><\/div>\n\n\n\n<div class=\"wp-block-column is-layout-flow wp-block-column-is-layout-flow\"><div  class=\"jet-form-builder-row field-type-text-field\" >\n<div class=\"jet-form-builder__label\">\r\n<div class=\"jet-form-builder__label-text\">Kontakt <span class=\"jet-form-builder__required\">*<\/span><\/div><\/div><div class=\"jet-form-builder__field-wrap\">\n\t\t\t\t<input required=\"required\" name=\"contacto\" id=\"contacto\" type=\"text\" data-field-name=\"contacto\" class=\"jet-form-builder__field text-field input_orc\" data-jfb-sync=\"null\" autocomplete=\"off_N1Z58Mgo\">\n\t\t\t\t\t<\/div>\n<\/div><\/div>\n<\/div>\n\n\n\n<div class=\"wp-block-columns is-layout-flex wp-container-core-columns-is-layout-28f84493 wp-block-columns-is-layout-flex\">\n<div class=\"wp-block-column is-layout-flow wp-block-column-is-layout-flow\"><div  class=\"jet-form-builder-row field-type-text-field\" >\n<div class=\"jet-form-builder__label\">\r\n<div class=\"jet-form-builder__label-text\">Unternehmen<\/div><\/div><div class=\"jet-form-builder__field-wrap\">\n\t\t\t\t<input name=\"empresa\" id=\"empresa\" type=\"text\" data-field-name=\"empresa\" class=\"jet-form-builder__field text-field input_orc\" data-jfb-sync=\"null\" autocomplete=\"off_7MvhCPOm\">\n\t\t\t\t\t<\/div>\n<\/div><\/div>\n<\/div>\n\n\n\n<div class=\"wp-block-columns is-layout-flex wp-container-core-columns-is-layout-28f84493 wp-block-columns-is-layout-flex\">\n<div class=\"wp-block-column is-layout-flow wp-block-column-is-layout-flow\"><div  class=\"jet-form-builder-row field-type-textarea-field\" >\n<div class=\"jet-form-builder__label\">\r\n<div class=\"jet-form-builder__label-text\">Kommentare<\/div><\/div><div class=\"jet-form-builder__field-wrap\">\n\t\t<textarea class=\"jet-form-builder__field textarea-field input_orc\" name=\"observacoes\" data-field-name=\"observacoes\" id=\"observacoes\" data-jfb-sync=\"null\"><\/textarea>\n\t<\/div>\n<\/div><\/div>\n<\/div>\n\n\n\n<div class=\"wp-block-columns is-layout-flex wp-container-core-columns-is-layout-28f84493 wp-block-columns-is-layout-flex\">\n<div class=\"wp-block-column is-layout-flow wp-block-column-is-layout-flow\"><div  class=\"jet-form-builder-row field-type-checkbox-field\" >\n<div class=\"jet-form-builder__label\">\r\n<div class=\"jet-form-builder__label-text\"> Annahme von Bedingungen <span class=\"jet-form-builder__required\">*<\/span><\/div><\/div><div class=\"jet-form-builder__fields-group checkradio-wrap\" data-jfb-sync><div class=\"jet-form-builder__field-wrap checkboxes-wrap checkradio-wrap\"><label class=\"jet-form-builder__field-label for-checkbox\">\n\t\t\t<input type=\"checkbox\" name=\"aceitacao_de_termos\" value=\"aceito\" data-field-name=\"aceitacao_de_termos\"  class=\"jet-form-builder__field checkboxes-field checkradio-field input_check\" required=\"required\"><span>Li e aceito as Pol\u00edticas de Privacidade e Cookies<\/span><\/label><\/div><\/div>\n<\/div><\/div>\n<\/div>\n\n\n<div  class=\"jet-form-builder-row field-type-submit-field\" >\n\t<div data-type=\"submit\" class=\"jet-form-builder__action-button-wrapper jet-form-builder__submit-wrap\">\n\t<button class=\"jet-form-builder__action-button btn_orc jet-form-builder__submit submit-type-reload\" type=\"submit\">BUDGETANFRAGE SENDEN<\/button>\n\t<\/div>\n\t\n<\/div>\t<div class=\"jet-form-builder-messages-wrap\" data-form-id=\"2376\"><\/div>\n<\/form>\n\t\t\t\t<\/div>\n\t\t\t\t<\/div>\n\t\t\t\t\t<\/div>\n\t\t<\/div>\n\t\t\t\t\t<\/div>\n\t\t<\/section>\n\t\t\t\t<\/div>\n\t\t","protected":false},"excerpt":{"rendered":"<p>Angebot Anfordern Service * Volle LadungLagerung\u00c4u\u00dfernSammelgut ADR-LADUNGEN * JaNein Anzahl der B\u00e4nde Ma\u00dfe Bruttogewicht Startdatum Endtermin Ladeplatz Entladeort Name * Email * Kontakt * Unternehmen Kommentare Annahme von Bedingungen * Li e aceito as Pol\u00edticas de Privacidade e Cookies BUDGETANFRAGE SENDEN<\/p>\n","protected":false},"author":1,"featured_media":0,"parent":0,"menu_order":10,"comment_status":"closed","ping_status":"closed","template":"elementor_header_footer","meta":{"footnotes":""},"class_list":["post-2219","page","type-page","status-publish","hentry"],"_links":{"self":[{"href":"https:\/\/brunotir.pt\/de\/wp-json\/wp\/v2\/pages\/2219","targetHints":{"allow":["GET"]}}],"collection":[{"href":"https:\/\/brunotir.pt\/de\/wp-json\/wp\/v2\/pages"}],"about":[{"href":"https:\/\/brunotir.pt\/de\/wp-json\/wp\/v2\/types\/page"}],"author":[{"embeddable":true,"href":"https:\/\/brunotir.pt\/de\/wp-json\/wp\/v2\/users\/1"}],"replies":[{"embeddable":true,"href":"https:\/\/brunotir.pt\/de\/wp-json\/wp\/v2\/comments?post=2219"}],"version-history":[{"count":0,"href":"https:\/\/brunotir.pt\/de\/wp-json\/wp\/v2\/pages\/2219\/revisions"}],"wp:attachment":[{"href":"https:\/\/brunotir.pt\/de\/wp-json\/wp\/v2\/media?parent=2219"}],"curies":[{"name":"wp","href":"https:\/\/api.w.org\/{rel}","templated":true}]}}